{"id":793,"date":"2022-08-31T20:02:53","date_gmt":"2022-08-31T20:02:53","guid":{"rendered":"https:\/\/bomdiamaristas.pt\/?page_id=793"},"modified":"2022-09-28T14:43:55","modified_gmt":"2022-09-28T14:43:55","slug":"bom-dia-explicacao","status":"publish","type":"page","link":"https:\/\/bomdiamaristas.pt\/23_24\/bom-dia-explicacao\/","title":{"rendered":"Bom Dia &#8211; Explica\u00e7\u00e3o"},"content":{"rendered":"\t\t<div data-elementor-type=\"wp-post\" data-elementor-id=\"793\" class=\"elementor elementor-793\">\n\t\t\t\t\t\t\t\t\t<section class=\"elementor-section elementor-top-section elementor-element elementor-element-25dfecd elementor-section-boxed elementor-section-height-default elementor-section-height-default\" data-id=\"25dfecd\" data-element_type=\"section\">\n\t\t\t\t\t\t<div class=\"elementor-container elementor-column-gap-default\">\n\t\t\t\t\t<div class=\"elementor-column elementor-col-100 elementor-top-column elementor-element elementor-element-d6b7966\" data-id=\"d6b7966\" data-element_type=\"column\">\n\t\t\t<div class=\"elementor-widget-wrap elementor-element-populated\">\n\t\t\t\t\t\t\t\t<div class=\"elementor-element elementor-element-83e4664 elementor-widget elementor-widget-spacer\" data-id=\"83e4664\" data-element_type=\"widget\" data-widget_type=\"spacer.default\">\n\t\t\t\t<div class=\"elementor-widget-container\">\n\t\t\t<style>\/*! elementor - v3.6.6 - 08-06-2022 *\/\n.e-container.e-container--row .elementor-spacer-inner{width:var(--spacer-size)}.e-container.e-container--column .elementor-spacer-inner,.elementor-column .elementor-spacer-inner{height:var(--spacer-size)}<\/style>\t\t<div class=\"elementor-spacer\">\n\t\t\t<div class=\"elementor-spacer-inner\"><\/div>\n\t\t<\/div>\n\t\t\t\t<\/div>\n\t\t\t\t<\/div>\n\t\t\t\t\t<\/div>\n\t\t<\/div>\n\t\t\t\t\t\t\t<\/div>\n\t\t<\/section>\n\t\t\t\t<section class=\"elementor-section elementor-top-section elementor-element elementor-element-fd28e21 elementor-section-boxed elementor-section-height-default elementor-section-height-default\" data-id=\"fd28e21\" data-element_type=\"section\">\n\t\t\t\t\t\t<div class=\"elementor-container elementor-column-gap-default\">\n\t\t\t\t\t<div class=\"elementor-column elementor-col-100 elementor-top-column elementor-element elementor-element-c115fd4\" data-id=\"c115fd4\" data-element_type=\"column\" data-settings=\"{&quot;background_background&quot;:&quot;classic&quot;}\">\n\t\t\t<div class=\"elementor-widget-wrap elementor-element-populated\">\n\t\t\t\t\t\t\t\t<div class=\"elementor-element elementor-element-716b027 elementor-widget elementor-widget-heading\" data-id=\"716b027\" data-element_type=\"widget\" data-widget_type=\"heading.default\">\n\t\t\t\t<div class=\"elementor-widget-container\">\n\t\t\t<style>\/*! elementor - v3.6.6 - 08-06-2022 *\/\n.elementor-heading-title{padding:0;margin:0;line-height:1}.elementor-widget-heading .elementor-heading-title[class*=elementor-size-]>a{color:inherit;font-size:inherit;line-height:inherit}.elementor-widget-heading .elementor-heading-title.elementor-size-small{font-size:15px}.elementor-widget-heading .elementor-heading-title.elementor-size-medium{font-size:19px}.elementor-widget-heading .elementor-heading-title.elementor-size-large{font-size:29px}.elementor-widget-heading .elementor-heading-title.elementor-size-xl{font-size:39px}.elementor-widget-heading .elementor-heading-title.elementor-size-xxl{font-size:59px}<\/style><h2 class=\"elementor-heading-title elementor-size-medium\">Uma nova forma de come\u00e7ar o Dia<\/h2>\t\t<\/div>\n\t\t\t\t<\/div>\n\t\t\t\t\t<\/div>\n\t\t<\/div>\n\t\t\t\t\t\t\t<\/div>\n\t\t<\/section>\n\t\t\t\t<section class=\"elementor-section elementor-top-section elementor-element elementor-element-82599ce elementor-section-boxed elementor-section-height-default elementor-section-height-default\" data-id=\"82599ce\" data-element_type=\"section\">\n\t\t\t\t\t\t<div class=\"elementor-container elementor-column-gap-default\">\n\t\t\t\t\t<div class=\"elementor-column elementor-col-100 elementor-top-column elementor-element elementor-element-be68b7c\" data-id=\"be68b7c\" data-element_type=\"column\">\n\t\t\t<div class=\"elementor-widget-wrap elementor-element-populated\">\n\t\t\t\t\t\t\t\t<div class=\"elementor-element elementor-element-f5122db elementor-widget elementor-widget-spacer\" data-id=\"f5122db\" data-element_type=\"widget\" data-widget_type=\"spacer.default\">\n\t\t\t\t<div class=\"elementor-widget-container\">\n\t\t\t\t\t<div class=\"elementor-spacer\">\n\t\t\t<div class=\"elementor-spacer-inner\"><\/div>\n\t\t<\/div>\n\t\t\t\t<\/div>\n\t\t\t\t<\/div>\n\t\t\t\t\t<\/div>\n\t\t<\/div>\n\t\t\t\t\t\t\t<\/div>\n\t\t<\/section>\n\t\t\t\t<section class=\"elementor-section elementor-top-section elementor-element elementor-element-020fb9d elementor-section-boxed elementor-section-height-default elementor-section-height-default\" data-id=\"020fb9d\" data-element_type=\"section\">\n\t\t\t\t\t\t<div class=\"elementor-container elementor-column-gap-default\">\n\t\t\t\t\t<div class=\"elementor-column elementor-col-100 elementor-top-column elementor-element elementor-element-1edb13e\" data-id=\"1edb13e\" data-element_type=\"column\">\n\t\t\t<div class=\"elementor-widget-wrap elementor-element-populated\">\n\t\t\t\t\t\t\t\t<div class=\"elementor-element elementor-element-46999be elementor-widget elementor-widget-text-editor\" data-id=\"46999be\" data-element_type=\"widget\" data-widget_type=\"text-editor.default\">\n\t\t\t\t<div class=\"elementor-widget-container\">\n\t\t\t<style>\/*! elementor - v3.6.6 - 08-06-2022 *\/\n.elementor-widget-text-editor.elementor-drop-cap-view-stacked .elementor-drop-cap{background-color:#818a91;color:#fff}.elementor-widget-text-editor.elementor-drop-cap-view-framed .elementor-drop-cap{color:#818a91;border:3px solid;background-color:transparent}.elementor-widget-text-editor:not(.elementor-drop-cap-view-default) .elementor-drop-cap{margin-top:8px}.elementor-widget-text-editor:not(.elementor-drop-cap-view-default) .elementor-drop-cap-letter{width:1em;height:1em}.elementor-widget-text-editor .elementor-drop-cap{float:left;text-align:center;line-height:1;font-size:50px}.elementor-widget-text-editor .elementor-drop-cap-letter{display:inline-block}<\/style>\t\t\t\t<p>Prop\u00f5e-se um itiner\u00e1rio de cinco etapas em cada semana, as quais dever\u00e3o ser trabalhadas a partir de diferentes tipos de suportes, procurando diversidade de abordagens e estimulando diferentes atitudes (sensa\u00e7\u00e3o, perce\u00e7\u00e3o, interroga\u00e7\u00e3o, escuta, reflex\u00e3o e cr\u00edtica, compromisso para a a\u00e7\u00e3o). As cinco etapas organizam-se na seguinte sequ\u00eancia, que n\u00e3o deve ser alterada:<\/p>\t\t\t\t\t\t<\/div>\n\t\t\t\t<\/div>\n\t\t\t\t\t<\/div>\n\t\t<\/div>\n\t\t\t\t\t\t\t<\/div>\n\t\t<\/section>\n\t\t\t\t<section class=\"elementor-section elementor-top-section elementor-element elementor-element-1ba3196 elementor-section-content-middle elementor-section-boxed elementor-section-height-default elementor-section-height-default\" data-id=\"1ba3196\" data-element_type=\"section\">\n\t\t\t\t\t\t<div class=\"elementor-container elementor-column-gap-no\">\n\t\t\t\t\t<div class=\"elementor-column elementor-col-20 elementor-top-column elementor-element elementor-element-1d1bee8\" data-id=\"1d1bee8\" data-element_type=\"column\">\n\t\t\t<div class=\"elementor-widget-wrap elementor-element-populated\">\n\t\t\t\t\t\t\t\t<div class=\"elementor-element elementor-element-f2e08d2 elementor-widget elementor-widget-text-editor\" data-id=\"f2e08d2\" data-element_type=\"widget\" data-widget_type=\"text-editor.default\">\n\t\t\t\t<div class=\"elementor-widget-container\">\n\t\t\t\t\t\t\t<p><b>Para<\/b><\/p>\t\t\t\t\t\t<\/div>\n\t\t\t\t<\/div>\n\t\t\t\t\t<\/div>\n\t\t<\/div>\n\t\t\t\t<div class=\"elementor-column elementor-col-20 elementor-top-column elementor-element elementor-element-9f882b3\" data-id=\"9f882b3\" data-element_type=\"column\">\n\t\t\t<div class=\"elementor-widget-wrap elementor-element-populated\">\n\t\t\t\t\t\t\t\t<div class=\"elementor-element elementor-element-b94a3fc elementor-widget elementor-widget-text-editor\" data-id=\"b94a3fc\" data-element_type=\"widget\" data-widget_type=\"text-editor.default\">\n\t\t\t\t<div class=\"elementor-widget-container\">\n\t\t\t\t\t\t\t<p><b>Contempla<\/b><\/p>\t\t\t\t\t\t<\/div>\n\t\t\t\t<\/div>\n\t\t\t\t\t<\/div>\n\t\t<\/div>\n\t\t\t\t<div class=\"elementor-column elementor-col-20 elementor-top-column elementor-element elementor-element-50cceba\" data-id=\"50cceba\" data-element_type=\"column\">\n\t\t\t<div class=\"elementor-widget-wrap elementor-element-populated\">\n\t\t\t\t\t\t\t\t<div class=\"elementor-element elementor-element-c817657 elementor-widget elementor-widget-text-editor\" data-id=\"c817657\" data-element_type=\"widget\" data-widget_type=\"text-editor.default\">\n\t\t\t\t<div class=\"elementor-widget-container\">\n\t\t\t\t\t\t\t<p><b>Interroga-te<\/b><\/p>\t\t\t\t\t\t<\/div>\n\t\t\t\t<\/div>\n\t\t\t\t\t<\/div>\n\t\t<\/div>\n\t\t\t\t<div class=\"elementor-column elementor-col-20 elementor-top-column elementor-element elementor-element-8afc028\" data-id=\"8afc028\" data-element_type=\"column\">\n\t\t\t<div class=\"elementor-widget-wrap elementor-element-populated\">\n\t\t\t\t\t\t\t\t<div class=\"elementor-element elementor-element-2fab99b elementor-widget elementor-widget-text-editor\" data-id=\"2fab99b\" data-element_type=\"widget\" data-widget_type=\"text-editor.default\">\n\t\t\t\t<div class=\"elementor-widget-container\">\n\t\t\t\t\t\t\t<p><b>Escuta<\/b><\/p>\t\t\t\t\t\t<\/div>\n\t\t\t\t<\/div>\n\t\t\t\t\t<\/div>\n\t\t<\/div>\n\t\t\t\t<div class=\"elementor-column elementor-col-20 elementor-top-column elementor-element elementor-element-37f48bd\" data-id=\"37f48bd\" data-element_type=\"column\">\n\t\t\t<div class=\"elementor-widget-wrap elementor-element-populated\">\n\t\t\t\t\t\t\t\t<div class=\"elementor-element elementor-element-b0d525c elementor-widget elementor-widget-text-editor\" data-id=\"b0d525c\" data-element_type=\"widget\" data-widget_type=\"text-editor.default\">\n\t\t\t\t<div class=\"elementor-widget-container\">\n\t\t\t\t\t\t\t<p><b>Age<\/b><\/p>\t\t\t\t\t\t<\/div>\n\t\t\t\t<\/div>\n\t\t\t\t\t<\/div>\n\t\t<\/div>\n\t\t\t\t\t\t\t<\/div>\n\t\t<\/section>\n\t\t\t\t<section class=\"elementor-section elementor-top-section elementor-element elementor-element-833f45c elementor-section-boxed elementor-section-height-default elementor-section-height-default\" data-id=\"833f45c\" data-element_type=\"section\">\n\t\t\t\t\t\t<div class=\"elementor-container elementor-column-gap-no\">\n\t\t\t\t\t<div class=\"elementor-column elementor-col-20 elementor-top-column elementor-element elementor-element-c3dac72\" data-id=\"c3dac72\" data-element_type=\"column\">\n\t\t\t<div class=\"elementor-widget-wrap elementor-element-populated\">\n\t\t\t\t\t\t\t\t<div class=\"elementor-element elementor-element-64a1284 elementor-widget elementor-widget-text-editor\" data-id=\"64a1284\" data-element_type=\"widget\" data-widget_type=\"text-editor.default\">\n\t\t\t\t<div class=\"elementor-widget-container\">\n\t\t\t\t\t\t\t<p><b>2\u00aa feira<\/b><\/p>\t\t\t\t\t\t<\/div>\n\t\t\t\t<\/div>\n\t\t\t\t\t<\/div>\n\t\t<\/div>\n\t\t\t\t<div class=\"elementor-column elementor-col-20 elementor-top-column elementor-element elementor-element-4a4c61d\" data-id=\"4a4c61d\" data-element_type=\"column\">\n\t\t\t<div class=\"elementor-widget-wrap elementor-element-populated\">\n\t\t\t\t\t\t\t\t<div class=\"elementor-element elementor-element-6b60788 elementor-widget elementor-widget-text-editor\" data-id=\"6b60788\" data-element_type=\"widget\" data-widget_type=\"text-editor.default\">\n\t\t\t\t<div class=\"elementor-widget-container\">\n\t\t\t\t\t\t\t<p><b>3\u00aa feira<\/b><\/p>\t\t\t\t\t\t<\/div>\n\t\t\t\t<\/div>\n\t\t\t\t\t<\/div>\n\t\t<\/div>\n\t\t\t\t<div class=\"elementor-column elementor-col-20 elementor-top-column elementor-element elementor-element-42ce0ac\" data-id=\"42ce0ac\" data-element_type=\"column\">\n\t\t\t<div class=\"elementor-widget-wrap elementor-element-populated\">\n\t\t\t\t\t\t\t\t<div class=\"elementor-element elementor-element-187a206 elementor-widget elementor-widget-text-editor\" data-id=\"187a206\" data-element_type=\"widget\" data-widget_type=\"text-editor.default\">\n\t\t\t\t<div class=\"elementor-widget-container\">\n\t\t\t\t\t\t\t<p><b>4\u00aa feira<\/b><\/p>\t\t\t\t\t\t<\/div>\n\t\t\t\t<\/div>\n\t\t\t\t\t<\/div>\n\t\t<\/div>\n\t\t\t\t<div class=\"elementor-column elementor-col-20 elementor-top-column elementor-element elementor-element-57c4381\" data-id=\"57c4381\" data-element_type=\"column\">\n\t\t\t<div class=\"elementor-widget-wrap elementor-element-populated\">\n\t\t\t\t\t\t\t\t<div class=\"elementor-element elementor-element-e6346d5 elementor-widget elementor-widget-text-editor\" data-id=\"e6346d5\" data-element_type=\"widget\" data-widget_type=\"text-editor.default\">\n\t\t\t\t<div class=\"elementor-widget-container\">\n\t\t\t\t\t\t\t<p><b>5\u00aa feira<\/b><\/p>\t\t\t\t\t\t<\/div>\n\t\t\t\t<\/div>\n\t\t\t\t\t<\/div>\n\t\t<\/div>\n\t\t\t\t<div class=\"elementor-column elementor-col-20 elementor-top-column elementor-element elementor-element-2e0fcf3\" data-id=\"2e0fcf3\" data-element_type=\"column\">\n\t\t\t<div class=\"elementor-widget-wrap elementor-element-populated\">\n\t\t\t\t\t\t\t\t<div class=\"elementor-element elementor-element-7c65316 elementor-widget elementor-widget-text-editor\" data-id=\"7c65316\" data-element_type=\"widget\" data-widget_type=\"text-editor.default\">\n\t\t\t\t<div class=\"elementor-widget-container\">\n\t\t\t\t\t\t\t<p><b>6\u00aa feira<\/b><\/p>\t\t\t\t\t\t<\/div>\n\t\t\t\t<\/div>\n\t\t\t\t\t<\/div>\n\t\t<\/div>\n\t\t\t\t\t\t\t<\/div>\n\t\t<\/section>\n\t\t\t\t<section class=\"elementor-section elementor-top-section elementor-element elementor-element-8eb11bb elementor-section-boxed elementor-section-height-default elementor-section-height-default\" data-id=\"8eb11bb\" data-element_type=\"section\">\n\t\t\t\t\t\t<div class=\"elementor-container elementor-column-gap-default\">\n\t\t\t\t\t<div class=\"elementor-column elementor-col-100 elementor-top-column elementor-element elementor-element-7fafed1\" data-id=\"7fafed1\" data-element_type=\"column\">\n\t\t\t<div class=\"elementor-widget-wrap elementor-element-populated\">\n\t\t\t\t\t\t\t\t<div class=\"elementor-element elementor-element-f7f3592 elementor-widget elementor-widget-spacer\" data-id=\"f7f3592\" data-element_type=\"widget\" data-widget_type=\"spacer.default\">\n\t\t\t\t<div class=\"elementor-widget-container\">\n\t\t\t\t\t<div class=\"elementor-spacer\">\n\t\t\t<div class=\"elementor-spacer-inner\"><\/div>\n\t\t<\/div>\n\t\t\t\t<\/div>\n\t\t\t\t<\/div>\n\t\t\t\t\t<\/div>\n\t\t<\/div>\n\t\t\t\t\t\t\t<\/div>\n\t\t<\/section>\n\t\t\t\t<section class=\"elementor-section elementor-top-section elementor-element elementor-element-503918f elementor-section-boxed elementor-section-height-default elementor-section-height-default\" data-id=\"503918f\" data-element_type=\"section\">\n\t\t\t\t\t\t<div class=\"elementor-container elementor-column-gap-default\">\n\t\t\t\t\t<div class=\"elementor-column elementor-col-100 elementor-top-column elementor-element elementor-element-84a7f0c\" data-id=\"84a7f0c\" data-element_type=\"column\">\n\t\t\t<div class=\"elementor-widget-wrap elementor-element-populated\">\n\t\t\t\t\t\t\t\t<div class=\"elementor-element elementor-element-139e2b8 elementor-widget elementor-widget-text-editor\" data-id=\"139e2b8\" data-element_type=\"widget\" data-widget_type=\"text-editor.default\">\n\t\t\t\t<div class=\"elementor-widget-container\">\n\t\t\t\t\t\t\t<p><span style=\"color: var( --e-global-color-text ); font-family: var( --e-global-typography-text-font-family ), Sans-serif; font-weight: var( --e-global-typography-text-font-weight ); font-size: var(--global--font-size-base);\">O Bom Dia \u00e9 um momento para nos centramos no dia que come\u00e7a, para despertar a consci\u00eancia da Vida que eu sou e da Vida que existe \u00e0 minha volta, de forma a conseguir \u201cencher os dias de Vida e n\u00e3o a vida de dias\u201d (Gier, 2014). O Bom Dia est\u00e1 organizado como um caminho, que pretende que ao longo da semana, cada jovem trabalhe os n\u00edveis corporal, psicoafetivo e de abertura \u00e0 transcend\u00eancia.<\/span><\/p>\n<p><span style=\"color: var( --e-global-color-text ); font-family: var( --e-global-typography-text-font-family ), Sans-serif; font-weight: var( --e-global-typography-text-font-weight ); font-size: var(--global--font-size-base);\">&nbsp;<\/span><\/p>\n<p><b>2\u00aafeira: Para<\/b><br>Para iniciarmos a semana \u00e9 importante parar. Quando paramos e nos alheamos do ru\u00eddo externo, podemos tomar consci\u00eancia de n\u00f3s e do nosso corpo. Podemos encontrar a verdade de quem somos, ter um espa\u00e7o para nos interrogarmos e para definirmos o nosso caminhar.<\/p>\n<p><br><\/p>\n<p><\/p>\n<p><b>3\u00aa feira: Contempla<\/b><br>\u00c9 um momento que tem o seu ponto de partida nos sentidos externos, em que somos recetivos \u00e0 realidade que nos rodeia e nos deixamos interpelar por ela.<\/p>\n<p><br><\/p>\n<p><\/p>\n<p><b>4\u00aafeira: Interroga-te<\/b><br>\u00c9 um momento que, a partir da leitura e interpreta\u00e7\u00e3o de uma frase, promove o di\u00e1logo, a escuta do outro com aten\u00e7\u00e3o e o respeito por pontos de vista diferentes.<\/p>\n<p><br><\/p>\n<p><\/p>\n<p><b>5\u00aa feira: Escuta<\/b><br>\u00c9 um momento de escuta da Palavra de Deus, com uma frase de uma das leituras (normalmente do Evangelho) do domingo seguinte.<\/p>\n<p><br><\/p>\n<p><\/p>\n<p><b>6\u00aa feira: Age!<\/b><br>A partir dos diferentes momentos de Bom Dia ao longo da semana, das v\u00e1rias viv\u00eancias e interroga\u00e7\u00f5es, \u00e9 importante refletir com incorporar essas experi\u00eancias no nosso dia a dia.<\/p>\n<p><br><\/p>\n<p><\/p>\n<p>Este itiner\u00e1rio dever\u00e1 ser seguido com refer\u00eancia a um tema semanal, que ser\u00e1 trabalhado em momento oportuno pelo Diretor de Turma, designadamente na aula de Forma\u00e7\u00e3o Humana. Os temas semanais inscrevem-se num tema mensal, aprofundado num texto que dever\u00e1 ser objeto de reflex\u00e3o pelo professor de EMRC (no caso do Ensino Secund\u00e1rio) ou do professor de Catequese (no caso do 2\u00ba e 3\u00ba Ciclos).<\/p>\n<p><\/p>\n<p>Neste&nbsp;<a href=\"https:\/\/bomdiamaristas.pt\/23_24\/wp-content\/uploads\/2022\/08\/Bom-Dia-uma-nova-forma-de-comecar-o-dia.pdf\" target=\"_blank\">documento<\/a>&nbsp;podem-se encontrar sugest\u00f5es de dinamiza\u00e7\u00e3o de cada uma das etapas do itiner\u00e1rio. Estas sugest\u00f5es, que poder\u00e3o ser usadas como ponto de partida ou forma de desbloquear alguma situa\u00e7\u00e3o, n\u00e3o s\u00e3o vinculativas. Pelo contr\u00e1rio, ser\u00e1 desej\u00e1vel que cada professor, em conjunto com os alunos da turma, \u00abinvente\u00bb maneiras inovadoras de dinamizar os diferentes momentos, sem preju\u00edzo dos objetivos e da finalidade..<\/p>\n<p><br><\/p>\n<p>A equipa de Pastoral estar\u00e1 sempre dispon\u00edvel para esclarecer qualquer quest\u00e3o.<\/p>\t\t\t\t\t\t<\/div>\n\t\t\t\t<\/div>\n\t\t\t\t\t<\/div>\n\t\t<\/div>\n\t\t\t\t\t\t\t<\/div>\n\t\t<\/section>\n\t\t\t\t<section class=\"elementor-section elementor-top-section elementor-element elementor-element-2890127 elementor-section-boxed elementor-section-height-default elementor-section-height-default\" data-id=\"2890127\" data-element_type=\"section\">\n\t\t\t\t\t\t<div class=\"elementor-container elementor-column-gap-default\">\n\t\t\t\t\t<div class=\"elementor-column elementor-col-100 elementor-top-column elementor-element elementor-element-38670bc\" data-id=\"38670bc\" data-element_type=\"column\">\n\t\t\t<div class=\"elementor-widget-wrap elementor-element-populated\">\n\t\t\t\t\t\t\t\t<div class=\"elementor-element elementor-element-04c0a87 elementor-widget elementor-widget-text-editor\" data-id=\"04c0a87\" data-element_type=\"widget\" data-widget_type=\"text-editor.default\">\n\t\t\t\t<div class=\"elementor-widget-container\">\n\t\t\t\t\t\t\t<p>Gier, Documento base de Espiritualidade da Prov\u00edncia Marista de Compostela (2014)<\/p>\t\t\t\t\t\t<\/div>\n\t\t\t\t<\/div>\n\t\t\t\t\t<\/div>\n\t\t<\/div>\n\t\t\t\t\t\t\t<\/div>\n\t\t<\/section>\n\t\t\t\t<section class=\"elementor-section elementor-top-section elementor-element elementor-element-ea2d00c elementor-section-boxed elementor-section-height-default elementor-section-height-default\" data-id=\"ea2d00c\" data-element_type=\"section\">\n\t\t\t\t\t\t<div class=\"elementor-container elementor-column-gap-default\">\n\t\t\t\t\t<div class=\"elementor-column elementor-col-100 elementor-top-column elementor-element elementor-element-dd41bf5\" data-id=\"dd41bf5\" data-element_type=\"column\">\n\t\t\t<div class=\"elementor-widget-wrap elementor-element-populated\">\n\t\t\t\t\t\t\t\t<div class=\"elementor-element elementor-element-c4e8f27 elementor-widget elementor-widget-spacer\" data-id=\"c4e8f27\" data-element_type=\"widget\" data-widget_type=\"spacer.default\">\n\t\t\t\t<div class=\"elementor-widget-container\">\n\t\t\t\t\t<div class=\"elementor-spacer\">\n\t\t\t<div class=\"elementor-spacer-inner\"><\/div>\n\t\t<\/div>\n\t\t\t\t<\/div>\n\t\t\t\t<\/div>\n\t\t\t\t\t<\/div>\n\t\t<\/div>\n\t\t\t\t\t\t\t<\/div>\n\t\t<\/section>\n\t\t\t\t\t\t\t<\/div>\n\t\t","protected":false},"excerpt":{"rendered":"<p>Uma nova forma de come\u00e7ar o Dia Prop\u00f5e-se um itiner\u00e1rio de cinco etapas em cada semana, as quais dever\u00e3o ser trabalhadas a partir de diferentes tipos de suportes, procurando diversidade de abordagens e estimulando diferentes atitudes (sensa\u00e7\u00e3o, perce\u00e7\u00e3o, interroga\u00e7\u00e3o, escuta, reflex\u00e3o e cr\u00edtica, compromisso para a a\u00e7\u00e3o). As cinco etapas organizam-se na seguinte sequ\u00eancia, que&hellip; <a class=\"more-link\" href=\"https:\/\/bomdiamaristas.pt\/23_24\/bom-dia-explicacao\/\">Continue a ler <span class=\"screen-reader-text\">Bom Dia &#8211; Explica\u00e7\u00e3o<\/span><\/a><\/p>\n","protected":false},"author":1,"featured_media":0,"parent":0,"menu_order":0,"comment_status":"closed","ping_status":"closed","template":"elementor_canvas","meta":{"footnotes":""},"class_list":["post-793","page","type-page","status-publish","hentry","entry"],"_links":{"self":[{"href":"https:\/\/bomdiamaristas.pt\/23_24\/wp-json\/wp\/v2\/pages\/793","targetHints":{"allow":["GET"]}}],"collection":[{"href":"https:\/\/bomdiamaristas.pt\/23_24\/wp-json\/wp\/v2\/pages"}],"about":[{"href":"https:\/\/bomdiamaristas.pt\/23_24\/wp-json\/wp\/v2\/types\/page"}],"author":[{"embeddable":true,"href":"https:\/\/bomdiamaristas.pt\/23_24\/wp-json\/wp\/v2\/users\/1"}],"replies":[{"embeddable":true,"href":"https:\/\/bomdiamaristas.pt\/23_24\/wp-json\/wp\/v2\/comments?post=793"}],"version-history":[{"count":52,"href":"https:\/\/bomdiamaristas.pt\/23_24\/wp-json\/wp\/v2\/pages\/793\/revisions"}],"predecessor-version":[{"id":1055,"href":"https:\/\/bomdiamaristas.pt\/23_24\/wp-json\/wp\/v2\/pages\/793\/revisions\/1055"}],"wp:attachment":[{"href":"https:\/\/bomdiamaristas.pt\/23_24\/wp-json\/wp\/v2\/media?parent=793"}],"curies":[{"name":"wp","href":"https:\/\/api.w.org\/{rel}","templated":true}]}}