{"id":6,"date":"2022-06-27T21:25:43","date_gmt":"2022-06-27T21:25:43","guid":{"rendered":"http:\/\/bomdiamaristas.pt\/wp\/?page_id=6"},"modified":"2025-07-25T21:57:45","modified_gmt":"2025-07-25T21:57:45","slug":"home","status":"publish","type":"page","link":"https:\/\/bomdiamaristas.pt\/24_25\/","title":{"rendered":"Home"},"content":{"rendered":"\t\t<div data-elementor-type=\"wp-post\" data-elementor-id=\"6\" class=\"elementor elementor-6\">\n\t\t\t\t\t\t\t\t\t<section class=\"elementor-section elementor-top-section elementor-element elementor-element-f077a1b elementor-section-boxed elementor-section-height-default elementor-section-height-default\" data-id=\"f077a1b\" data-element_type=\"section\">\n\t\t\t\t\t\t<div class=\"elementor-container elementor-column-gap-default\">\n\t\t\t\t\t<div class=\"elementor-column elementor-col-100 elementor-top-column elementor-element elementor-element-c010f17\" data-id=\"c010f17\" data-element_type=\"column\">\n\t\t\t<div class=\"elementor-widget-wrap elementor-element-populated\">\n\t\t\t\t\t\t\t\t<div class=\"elementor-element elementor-element-e7cfbf2 elementor-widget elementor-widget-spacer\" data-id=\"e7cfbf2\" data-element_type=\"widget\" data-widget_type=\"spacer.default\">\n\t\t\t\t<div class=\"elementor-widget-container\">\n\t\t\t<style>\/*! elementor - v3.6.6 - 08-06-2022 *\/\n.e-container.e-container--row .elementor-spacer-inner{width:var(--spacer-size)}.e-container.e-container--column .elementor-spacer-inner,.elementor-column .elementor-spacer-inner{height:var(--spacer-size)}<\/style>\t\t<div class=\"elementor-spacer\">\n\t\t\t<div class=\"elementor-spacer-inner\"><\/div>\n\t\t<\/div>\n\t\t\t\t<\/div>\n\t\t\t\t<\/div>\n\t\t\t\t\t<\/div>\n\t\t<\/div>\n\t\t\t\t\t\t\t<\/div>\n\t\t<\/section>\n\t\t\t\t<section class=\"elementor-section elementor-top-section elementor-element elementor-element-fd28e21 elementor-section-boxed elementor-section-height-default elementor-section-height-default\" data-id=\"fd28e21\" data-element_type=\"section\" data-settings=\"{&quot;background_background&quot;:&quot;classic&quot;}\">\n\t\t\t\t\t\t<div class=\"elementor-container elementor-column-gap-default\">\n\t\t\t\t\t<div class=\"elementor-column elementor-col-100 elementor-top-column elementor-element elementor-element-c115fd4\" data-id=\"c115fd4\" data-element_type=\"column\" data-settings=\"{&quot;background_background&quot;:&quot;classic&quot;}\">\n\t\t\t<div class=\"elementor-widget-wrap elementor-element-populated\">\n\t\t\t\t\t\t\t\t<div class=\"elementor-element elementor-element-54b4eea elementor-widget elementor-widget-heading\" data-id=\"54b4eea\" data-element_type=\"widget\" data-widget_type=\"heading.default\">\n\t\t\t\t<div class=\"elementor-widget-container\">\n\t\t\t<style>\/*! elementor - v3.6.6 - 08-06-2022 *\/\n.elementor-heading-title{padding:0;margin:0;line-height:1}.elementor-widget-heading .elementor-heading-title[class*=elementor-size-]>a{color:inherit;font-size:inherit;line-height:inherit}.elementor-widget-heading .elementor-heading-title.elementor-size-small{font-size:15px}.elementor-widget-heading .elementor-heading-title.elementor-size-medium{font-size:19px}.elementor-widget-heading .elementor-heading-title.elementor-size-large{font-size:29px}.elementor-widget-heading .elementor-heading-title.elementor-size-xl{font-size:39px}.elementor-widget-heading .elementor-heading-title.elementor-size-xxl{font-size:59px}<\/style><h2 class=\"elementor-heading-title elementor-size-medium\"><b>UMA NOVA FORMA DE COME\u00c7AR O DIA<\/b><\/h2>\t\t<\/div>\n\t\t\t\t<\/div>\n\t\t\t\t\t<\/div>\n\t\t<\/div>\n\t\t\t\t\t\t\t<\/div>\n\t\t<\/section>\n\t\t\t\t<section class=\"elementor-section elementor-top-section elementor-element elementor-element-82599ce elementor-section-boxed elementor-section-height-default elementor-section-height-default\" data-id=\"82599ce\" data-element_type=\"section\">\n\t\t\t\t\t\t<div class=\"elementor-container elementor-column-gap-default\">\n\t\t\t\t\t<div class=\"elementor-column elementor-col-100 elementor-top-column elementor-element elementor-element-be68b7c\" data-id=\"be68b7c\" data-element_type=\"column\">\n\t\t\t<div class=\"elementor-widget-wrap elementor-element-populated\">\n\t\t\t\t\t\t\t\t<div class=\"elementor-element elementor-element-f5122db elementor-widget elementor-widget-spacer\" data-id=\"f5122db\" data-element_type=\"widget\" data-widget_type=\"spacer.default\">\n\t\t\t\t<div class=\"elementor-widget-container\">\n\t\t\t\t\t<div class=\"elementor-spacer\">\n\t\t\t<div class=\"elementor-spacer-inner\"><\/div>\n\t\t<\/div>\n\t\t\t\t<\/div>\n\t\t\t\t<\/div>\n\t\t\t\t\t<\/div>\n\t\t<\/div>\n\t\t\t\t\t\t\t<\/div>\n\t\t<\/section>\n\t\t\t\t<section class=\"elementor-section elementor-top-section elementor-element elementor-element-699dcbc elementor-section-boxed elementor-section-height-default elementor-section-height-default\" data-id=\"699dcbc\" data-element_type=\"section\" data-settings=\"{&quot;background_background&quot;:&quot;classic&quot;}\">\n\t\t\t\t\t\t<div class=\"elementor-container elementor-column-gap-narrow\">\n\t\t\t\t\t<div class=\"elementor-column elementor-col-25 elementor-top-column elementor-element elementor-element-8c37f79\" data-id=\"8c37f79\" data-element_type=\"column\">\n\t\t\t<div class=\"elementor-widget-wrap elementor-element-populated\">\n\t\t\t\t\t\t\t\t<div class=\"elementor-element elementor-element-e259e1e elementor-widget elementor-widget-image\" data-id=\"e259e1e\" data-element_type=\"widget\" data-widget_type=\"image.default\">\n\t\t\t\t<div class=\"elementor-widget-container\">\n\t\t\t<style>\/*! elementor - v3.6.6 - 08-06-2022 *\/\n.elementor-widget-image{text-align:center}.elementor-widget-image a{display:inline-block}.elementor-widget-image a img[src$=\".svg\"]{width:48px}.elementor-widget-image img{vertical-align:middle;display:inline-block}<\/style>\t\t\t\t\t\t\t\t\t\t\t\t\t<a href=\"https:\/\/bomdiamaristas.pt\/julho-5a-semana\/\">\n\t\t\t\t\t\t\t<img loading=\"lazy\" decoding=\"async\" width=\"750\" height=\"479\" src=\"https:\/\/bomdiamaristas.pt\/24_25\/wp-content\/uploads\/2024\/09\/botoes-meses-04.png\" class=\"attachment-large size-large\" alt=\"\" srcset=\"https:\/\/bomdiamaristas.pt\/24_25\/wp-content\/uploads\/2024\/09\/botoes-meses-04.png 1025w, https:\/\/bomdiamaristas.pt\/24_25\/wp-content\/uploads\/2024\/09\/botoes-meses-04-300x192.png 300w, https:\/\/bomdiamaristas.pt\/24_25\/wp-content\/uploads\/2024\/09\/botoes-meses-04-768x491.png 768w\" sizes=\"auto, (max-width: 750px) 100vw, 750px\" style=\"width:100%;height:63.9%;max-width:1025px\" \/>\t\t\t\t\t\t\t\t<\/a>\n\t\t\t\t\t\t\t\t\t\t\t\t\t\t\t<\/div>\n\t\t\t\t<\/div>\n\t\t\t\t\t<\/div>\n\t\t<\/div>\n\t\t\t\t<div class=\"elementor-column elementor-col-25 elementor-top-column elementor-element elementor-element-d94bd87\" data-id=\"d94bd87\" data-element_type=\"column\">\n\t\t\t<div class=\"elementor-widget-wrap elementor-element-populated\">\n\t\t\t\t\t\t\t\t<div class=\"elementor-element elementor-element-6e85b58 elementor-widget elementor-widget-image\" data-id=\"6e85b58\" data-element_type=\"widget\" data-widget_type=\"image.default\">\n\t\t\t\t<div class=\"elementor-widget-container\">\n\t\t\t\t\t\t\t\t\t\t\t\t\t\t\t\t<a href=\"https:\/\/bomdiamaristas.pt\/meses\/\">\n\t\t\t\t\t\t\t<img loading=\"lazy\" decoding=\"async\" width=\"750\" height=\"479\" src=\"https:\/\/bomdiamaristas.pt\/24_25\/wp-content\/uploads\/2024\/09\/botoes-meses-03.png\" class=\"attachment-large size-large\" alt=\"\" srcset=\"https:\/\/bomdiamaristas.pt\/24_25\/wp-content\/uploads\/2024\/09\/botoes-meses-03.png 1025w, https:\/\/bomdiamaristas.pt\/24_25\/wp-content\/uploads\/2024\/09\/botoes-meses-03-300x192.png 300w, https:\/\/bomdiamaristas.pt\/24_25\/wp-content\/uploads\/2024\/09\/botoes-meses-03-768x491.png 768w\" sizes=\"auto, (max-width: 750px) 100vw, 750px\" style=\"width:100%;height:63.9%;max-width:1025px\" \/>\t\t\t\t\t\t\t\t<\/a>\n\t\t\t\t\t\t\t\t\t\t\t\t\t\t\t<\/div>\n\t\t\t\t<\/div>\n\t\t\t\t\t<\/div>\n\t\t<\/div>\n\t\t\t\t<div class=\"elementor-column elementor-col-25 elementor-top-column elementor-element elementor-element-2b2d5cf\" data-id=\"2b2d5cf\" data-element_type=\"column\">\n\t\t\t<div class=\"elementor-widget-wrap elementor-element-populated\">\n\t\t\t\t\t\t\t\t<div class=\"elementor-element elementor-element-7604d83 elementor-widget elementor-widget-image\" data-id=\"7604d83\" data-element_type=\"widget\" data-widget_type=\"image.default\">\n\t\t\t\t<div class=\"elementor-widget-container\">\n\t\t\t\t\t\t\t\t\t\t\t\t\t\t\t\t<a href=\"https:\/\/bomdiamaristas.pt\/bom-dia-explicacao\/\">\n\t\t\t\t\t\t\t<img loading=\"lazy\" decoding=\"async\" width=\"750\" height=\"479\" src=\"https:\/\/bomdiamaristas.pt\/24_25\/wp-content\/uploads\/2024\/09\/botoes-meses-02.png\" class=\"attachment-large size-large\" alt=\"\" srcset=\"https:\/\/bomdiamaristas.pt\/24_25\/wp-content\/uploads\/2024\/09\/botoes-meses-02.png 1025w, https:\/\/bomdiamaristas.pt\/24_25\/wp-content\/uploads\/2024\/09\/botoes-meses-02-300x192.png 300w, https:\/\/bomdiamaristas.pt\/24_25\/wp-content\/uploads\/2024\/09\/botoes-meses-02-768x491.png 768w\" sizes=\"auto, (max-width: 750px) 100vw, 750px\" style=\"width:100%;height:63.9%;max-width:1025px\" \/>\t\t\t\t\t\t\t\t<\/a>\n\t\t\t\t\t\t\t\t\t\t\t\t\t\t\t<\/div>\n\t\t\t\t<\/div>\n\t\t\t\t\t<\/div>\n\t\t<\/div>\n\t\t\t\t<div class=\"elementor-column elementor-col-25 elementor-top-column elementor-element elementor-element-d94bb65\" data-id=\"d94bb65\" data-element_type=\"column\">\n\t\t\t<div class=\"elementor-widget-wrap elementor-element-populated\">\n\t\t\t\t\t\t\t\t<div class=\"elementor-element elementor-element-40270cc elementor-widget elementor-widget-image\" data-id=\"40270cc\" data-element_type=\"widget\" data-widget_type=\"image.default\">\n\t\t\t\t<div class=\"elementor-widget-container\">\n\t\t\t\t\t\t\t\t\t\t\t\t\t\t\t\t<a href=\"https:\/\/bomdiamaristas.pt\/wp-content\/uploads\/2024\/08\/Lema_24-25.pdf\">\n\t\t\t\t\t\t\t<img loading=\"lazy\" decoding=\"async\" width=\"750\" height=\"479\" src=\"https:\/\/bomdiamaristas.pt\/24_25\/wp-content\/uploads\/2024\/09\/botoes-meses-01.png\" class=\"attachment-large size-large\" alt=\"\" srcset=\"https:\/\/bomdiamaristas.pt\/24_25\/wp-content\/uploads\/2024\/09\/botoes-meses-01.png 1025w, https:\/\/bomdiamaristas.pt\/24_25\/wp-content\/uploads\/2024\/09\/botoes-meses-01-300x192.png 300w, https:\/\/bomdiamaristas.pt\/24_25\/wp-content\/uploads\/2024\/09\/botoes-meses-01-768x491.png 768w\" sizes=\"auto, (max-width: 750px) 100vw, 750px\" style=\"width:100%;height:63.9%;max-width:1025px\" \/>\t\t\t\t\t\t\t\t<\/a>\n\t\t\t\t\t\t\t\t\t\t\t\t\t\t\t<\/div>\n\t\t\t\t<\/div>\n\t\t\t\t\t<\/div>\n\t\t<\/div>\n\t\t\t\t\t\t\t<\/div>\n\t\t<\/section>\n\t\t\t\t<section class=\"elementor-section elementor-top-section elementor-element elementor-element-ea2d00c elementor-section-boxed elementor-section-height-default elementor-section-height-default\" data-id=\"ea2d00c\" data-element_type=\"section\">\n\t\t\t\t\t\t<div class=\"elementor-container elementor-column-gap-default\">\n\t\t\t\t\t<div class=\"elementor-column elementor-col-100 elementor-top-column elementor-element elementor-element-dd41bf5\" data-id=\"dd41bf5\" data-element_type=\"column\">\n\t\t\t<div class=\"elementor-widget-wrap elementor-element-populated\">\n\t\t\t\t\t\t\t\t<div class=\"elementor-element elementor-element-c4e8f27 elementor-widget elementor-widget-spacer\" data-id=\"c4e8f27\" data-element_type=\"widget\" data-widget_type=\"spacer.default\">\n\t\t\t\t<div class=\"elementor-widget-container\">\n\t\t\t\t\t<div class=\"elementor-spacer\">\n\t\t\t<div class=\"elementor-spacer-inner\"><\/div>\n\t\t<\/div>\n\t\t\t\t<\/div>\n\t\t\t\t<\/div>\n\t\t\t\t\t<\/div>\n\t\t<\/div>\n\t\t\t\t\t\t\t<\/div>\n\t\t<\/section>\n\t\t\t\t<section class=\"elementor-section elementor-top-section elementor-element elementor-element-7fd69f1 elementor-section-boxed elementor-section-height-default elementor-section-height-default\" data-id=\"7fd69f1\" data-element_type=\"section\">\n\t\t\t\t\t\t<div class=\"elementor-container elementor-column-gap-default\">\n\t\t\t\t\t<div class=\"elementor-column elementor-col-100 elementor-top-column elementor-element elementor-element-e26be0d\" data-id=\"e26be0d\" data-element_type=\"column\">\n\t\t\t<div class=\"elementor-widget-wrap elementor-element-populated\">\n\t\t\t\t\t\t\t\t<div class=\"elementor-element elementor-element-9d37448 elementor-widget elementor-widget-text-editor\" data-id=\"9d37448\" data-element_type=\"widget\" data-widget_type=\"text-editor.default\">\n\t\t\t\t<div class=\"elementor-widget-container\">\n\t\t\t<style>\/*! elementor - v3.6.6 - 08-06-2022 *\/\n.elementor-widget-text-editor.elementor-drop-cap-view-stacked .elementor-drop-cap{background-color:#818a91;color:#fff}.elementor-widget-text-editor.elementor-drop-cap-view-framed .elementor-drop-cap{color:#818a91;border:3px solid;background-color:transparent}.elementor-widget-text-editor:not(.elementor-drop-cap-view-default) .elementor-drop-cap{margin-top:8px}.elementor-widget-text-editor:not(.elementor-drop-cap-view-default) .elementor-drop-cap-letter{width:1em;height:1em}.elementor-widget-text-editor .elementor-drop-cap{float:left;text-align:center;line-height:1;font-size:50px}.elementor-widget-text-editor .elementor-drop-cap-letter{display:inline-block}<\/style>\t\t\t\t<p>O Bom Dia \u00e9 o momento para nos centrarmos no dia que come\u00e7a, para despertar a consci\u00eancia da Vida que eu sou e da Vida que existe \u00e0 minha volta, de forma a conseguir &#8220;encher os dias de Vida e n\u00e3o a vida de dias&#8221; (Gier, 2014). O Bom Dia est\u00e1 organizado como um caminho, que pretende que ao longo da semana, cada jovem trabalhe os n\u00edveis corporal, psicoafetivo, e de abertura \u00e0 transcend\u00eancia.<\/p>\t\t\t\t\t\t<\/div>\n\t\t\t\t<\/div>\n\t\t\t\t\t<\/div>\n\t\t<\/div>\n\t\t\t\t\t\t\t<\/div>\n\t\t<\/section>\n\t\t\t\t<section class=\"elementor-section elementor-top-section elementor-element elementor-element-c4f43c2 elementor-section-boxed elementor-section-height-default elementor-section-height-default\" data-id=\"c4f43c2\" data-element_type=\"section\" data-settings=\"{&quot;background_background&quot;:&quot;classic&quot;}\">\n\t\t\t\t\t\t<div class=\"elementor-container elementor-column-gap-default\">\n\t\t\t\t\t<div class=\"elementor-column elementor-col-100 elementor-top-column elementor-element elementor-element-31316b7\" data-id=\"31316b7\" data-element_type=\"column\" data-settings=\"{&quot;background_background&quot;:&quot;classic&quot;}\">\n\t\t\t<div class=\"elementor-widget-wrap elementor-element-populated\">\n\t\t\t\t\t\t\t\t<div class=\"elementor-element elementor-element-b4389e2 elementor-widget elementor-widget-heading\" data-id=\"b4389e2\" data-element_type=\"widget\" data-widget_type=\"heading.default\">\n\t\t\t\t<div class=\"elementor-widget-container\">\n\t\t\t<h2 class=\"elementor-heading-title elementor-size-medium\"><b>RECURSOS<\/b><\/h2>\t\t<\/div>\n\t\t\t\t<\/div>\n\t\t\t\t\t<\/div>\n\t\t<\/div>\n\t\t\t\t\t\t\t<\/div>\n\t\t<\/section>\n\t\t\t\t<section class=\"elementor-section elementor-top-section elementor-element elementor-element-1149019 elementor-section-boxed elementor-section-height-default elementor-section-height-default\" data-id=\"1149019\" data-element_type=\"section\">\n\t\t\t\t\t\t<div class=\"elementor-container elementor-column-gap-default\">\n\t\t\t\t\t<div class=\"elementor-column elementor-col-100 elementor-top-column elementor-element elementor-element-26b4639\" data-id=\"26b4639\" data-element_type=\"column\">\n\t\t\t<div class=\"elementor-widget-wrap elementor-element-populated\">\n\t\t\t\t\t\t\t\t<div class=\"elementor-element elementor-element-8a05ff7 elementor-widget elementor-widget-text-editor\" data-id=\"8a05ff7\" data-element_type=\"widget\" data-widget_type=\"text-editor.default\">\n\t\t\t\t<div class=\"elementor-widget-container\">\n\t\t\t\t\t\t\t<div><ul style=\"padding-left: calc(2 * var(--global--spacing-horizontal)); font-family: var(--list--font-family);\"><li><a href=\"https:\/\/vejoeacredito.pt\/\" target=\"_blank\" rel=\"noopener\">Vejo e Acredito<\/a><br \/><br \/><\/li><\/ul><p><span style=\"font-family: -apple-system, BlinkMacSystemFont, Segoe UI, Roboto, Oxygen-Sans, Ubuntu, Cantarell, Helvetica Neue, sans-serif;\"><b>Anos anteriores:<\/b><\/span><\/p><ul><li><a href=\"https:\/\/bomdiamaristas.pt\/23_24\" target=\"_blank\" rel=\"noopener\">Bom Dia 2023-2024<\/a><\/li><\/ul><\/div><ul><li><a href=\"https:\/\/bomdiamaristas.pt\/22_23\/\" target=\"_blank\" rel=\"noopener\">Bom Dia 2022-2023<\/a><\/li><\/ul>\t\t\t\t\t\t<\/div>\n\t\t\t\t<\/div>\n\t\t\t\t\t<\/div>\n\t\t<\/div>\n\t\t\t\t\t\t\t<\/div>\n\t\t<\/section>\n\t\t\t\t<section class=\"elementor-section elementor-top-section elementor-element elementor-element-a2a29c8 elementor-section-boxed elementor-section-height-default elementor-section-height-default\" data-id=\"a2a29c8\" data-element_type=\"section\">\n\t\t\t\t\t\t<div class=\"elementor-container elementor-column-gap-default\">\n\t\t\t\t\t<div class=\"elementor-column elementor-col-100 elementor-top-column elementor-element elementor-element-ed2728e\" data-id=\"ed2728e\" data-element_type=\"column\">\n\t\t\t<div class=\"elementor-widget-wrap elementor-element-populated\">\n\t\t\t\t\t\t\t\t<div class=\"elementor-element elementor-element-b8ae3af elementor-widget elementor-widget-spacer\" data-id=\"b8ae3af\" data-element_type=\"widget\" data-widget_type=\"spacer.default\">\n\t\t\t\t<div class=\"elementor-widget-container\">\n\t\t\t\t\t<div class=\"elementor-spacer\">\n\t\t\t<div class=\"elementor-spacer-inner\"><\/div>\n\t\t<\/div>\n\t\t\t\t<\/div>\n\t\t\t\t<\/div>\n\t\t\t\t\t<\/div>\n\t\t<\/div>\n\t\t\t\t\t\t\t<\/div>\n\t\t<\/section>\n\t\t\t\t\t\t\t<\/div>\n\t\t","protected":false},"excerpt":{"rendered":"<p>UMA NOVA FORMA DE COME\u00c7AR O DIA O Bom Dia \u00e9 o momento para nos centrarmos no dia que come\u00e7a, para despertar a consci\u00eancia da Vida que eu sou e da Vida que existe \u00e0 minha volta, de forma a conseguir &#8220;encher os dias de Vida e n\u00e3o a vida de dias&#8221; (Gier, 2014). O&hellip; <a class=\"more-link\" href=\"https:\/\/bomdiamaristas.pt\/24_25\/\">Continue a ler <span class=\"screen-reader-text\">Home<\/span><\/a><\/p>\n","protected":false},"author":1,"featured_media":0,"parent":0,"menu_order":0,"comment_status":"closed","ping_status":"closed","template":"elementor_header_footer","meta":{"footnotes":""},"class_list":["post-6","page","type-page","status-publish","hentry","entry"],"_links":{"self":[{"href":"https:\/\/bomdiamaristas.pt\/24_25\/wp-json\/wp\/v2\/pages\/6","targetHints":{"allow":["GET"]}}],"collection":[{"href":"https:\/\/bomdiamaristas.pt\/24_25\/wp-json\/wp\/v2\/pages"}],"about":[{"href":"https:\/\/bomdiamaristas.pt\/24_25\/wp-json\/wp\/v2\/types\/page"}],"author":[{"embeddable":true,"href":"https:\/\/bomdiamaristas.pt\/24_25\/wp-json\/wp\/v2\/users\/1"}],"replies":[{"embeddable":true,"href":"https:\/\/bomdiamaristas.pt\/24_25\/wp-json\/wp\/v2\/comments?post=6"}],"version-history":[{"count":743,"href":"https:\/\/bomdiamaristas.pt\/24_25\/wp-json\/wp\/v2\/pages\/6\/revisions"}],"predecessor-version":[{"id":3758,"href":"https:\/\/bomdiamaristas.pt\/24_25\/wp-json\/wp\/v2\/pages\/6\/revisions\/3758"}],"wp:attachment":[{"href":"https:\/\/bomdiamaristas.pt\/24_25\/wp-json\/wp\/v2\/media?parent=6"}],"curies":[{"name":"wp","href":"https:\/\/api.w.org\/{rel}","templated":true}]}}